{"id":30,"date":"2017-05-03T12:30:23","date_gmt":"2017-05-03T12:30:23","guid":{"rendered":"http:\/\/schnebele.de\/?page_id=30"},"modified":"2025-03-22T18:12:09","modified_gmt":"2025-03-22T18:12:09","slug":"startseite","status":"publish","type":"page","link":"https:\/\/schnebele.de\/","title":{"rendered":"Willkommen auf der Homepage von J\u00f6rg Schnebele"},"content":{"rendered":"<p><span style=\"color: #800000;\"><strong>Willkommen auf der Homepage von J\u00f6rg Schnebele.<\/strong><\/span><\/p>\n<p>&nbsp;<\/p>\n<p><img loading=\"lazy\" decoding=\"async\" class=\"size-medium wp-image-6352 alignleft\" src=\"http:\/\/schnebele.de\/wp-content\/uploads\/2025\/03\/475996130_10212389210642946_4579784154231652726_n-300x225.jpg\" alt=\"\" width=\"300\" height=\"225\" srcset=\"https:\/\/schnebele.de\/wp-content\/uploads\/2025\/03\/475996130_10212389210642946_4579784154231652726_n-300x225.jpg 300w, https:\/\/schnebele.de\/wp-content\/uploads\/2025\/03\/475996130_10212389210642946_4579784154231652726_n-1024x768.jpg 1024w, https:\/\/schnebele.de\/wp-content\/uploads\/2025\/03\/475996130_10212389210642946_4579784154231652726_n-768x576.jpg 768w, https:\/\/schnebele.de\/wp-content\/uploads\/2025\/03\/475996130_10212389210642946_4579784154231652726_n-1536x1152.jpg 1536w, https:\/\/schnebele.de\/wp-content\/uploads\/2025\/03\/475996130_10212389210642946_4579784154231652726_n-200x150.jpg 200w, https:\/\/schnebele.de\/wp-content\/uploads\/2025\/03\/475996130_10212389210642946_4579784154231652726_n-150x113.jpg 150w, https:\/\/schnebele.de\/wp-content\/uploads\/2025\/03\/475996130_10212389210642946_4579784154231652726_n.jpg 2048w\" sizes=\"auto, (max-width: 300px) 100vw, 300px\" \/>Meine Homepage besteht bereits seit dem Jahr 2000 und hat ohne gro\u00dfe optische Ver\u00e4nderungen satte 25 Jahre durchgehalten.<br \/>\nWeil das Thema meiner Meinung nach zu umfangreich ist, habe ich 2018 begonnen, meinen Hobbies,<span style=\"color: #800000;\"><strong> Musik<\/strong><\/span> und <span style=\"color: #800000;\"><strong>Fotografie<\/strong><\/span> mit <a href=\"https:\/\/jspics.de\/\" target=\"_blank\" rel=\"noopener\"><span style=\"color: #800000;\"><strong>JSPics<\/strong><\/span><\/a> ein eigenes Gewand zu verpassen.<br \/>\n<strong>JSPics<\/strong> ist meine &#8222;Fotoseite&#8220;, auf der ich Bilder pr\u00e4sentiere, die ich als Konzertfotograf (mit Unterbrechungen) seit 1983 geschossen habe. Und es kommen weiterhin Woche f\u00fcr Woche und Monat f\u00fcr Monat neue hinzu. Dabei hilft mir meine (nebenberufliche) T\u00e4tigkeit als Chefredakteur und Fotograf des <a href=\"https:\/\/www.hellfire-magazin.de\/\" target=\"_blank\" rel=\"noopener\">Hellfire Online Magazins<\/a>. Weiterhin zeige ich dort auch kleine Erfolgs Stories, die ich mit meinen Bildern erreicht habe, z.B. Abbildungen in Album\/CD Booklets der abgelichteten Bands usw usw.<\/p>\n<p>Mit neuen medialen M\u00f6glichkeiten im Bezug auf bessere, sch\u00f6nere und effektvollere Ver\u00e4nderung und Anpassung von Homepages, waren auch die Kernpunkte der urspr\u00fcnglichen Homepage daran, ein neues Gesicht zu bekommen.<br \/>\nDabei hat meine Schulzeit mit allem, was damit zu tun hat\/hatte, einen Schwerpunkt der Page ausgemacht.<br \/>\nDie <span style=\"color: #800000;\"><strong>Abi78<\/strong><\/span> Seite, die sich mit unserem <span style=\"color: #800000;\"><strong>Abiturjahrgang 1978<\/strong> und dem<\/span>&nbsp;<span style=\"color: #800000;\"><strong>Hollenberg Gymnasiums in Waldbr\u00f6l<\/strong><\/span> besch\u00e4ftigt, nimmt diesen entscheidenden Anteil meiner Page ein und ist nicht nur f\u00fcr unseren Jahrgang zu einem beliebten Nachschlagewerk geworden, welches ich stetig auf dem neusten Stand halte. Dazu geh\u00f6ren auch Jahrgangsstufentreffen, die ich im 5j\u00e4hrigen Turnus organisiere.<\/p>\n<p>Und auch meine Hobbys <span style=\"color: #800000;\"><strong>Comics<\/strong><\/span> und <strong><span style=\"color: #800000;\">Fotografie<\/span><\/strong> (die sich in diesem Fall nicht um das Thema Musik rankt), finden hier ihren Platz. Dabei ber\u00fccksichtige ich die Fotografie eher nachl\u00e4ssig, w\u00e4hrend mein Hobby um die von mir seit fr\u00fchester Jugend geliebten Comics, stetig Erweiterung findet.<\/p>\n<p>Last not least findet Ihr auch einen Link zu einem Hobby, welches ich von 2002 bis 2018 als Gr\u00fcnder und Vorsitzender mit viel Energie aktiv vorangetrieben habe: meine Mittelalter Gruppe, die Tomburg Ritter. Seit 2018 habe ich mich zur\u00fcckgezogen und bin weiterhin lediglich passives Mitglied im Verein.<\/p>\n<p>Ich w\u00fcnsche Euch viel Spa\u00df beim St\u00f6bern.<br \/>\nEuer<\/p>\n<p>J\u00f6rg<\/p>\n","protected":false},"excerpt":{"rendered":"<p>Willkommen auf der Homepage von J\u00f6rg Schnebele. &nbsp; Meine Homepage besteht bereits seit dem Jahr 2000 und hat ohne gro\u00dfe optische Ver\u00e4nderungen satte 25 Jahre durchgehalten. Weil das Thema meiner Meinung nach zu umfangreich ist, habe ich 2018 begonnen, meinen Hobbies, Musik und Fotografie mit JSPics ein eigenes Gewand zu <a class=\"continue-reading-link\" href=\"https:\/\/schnebele.de\/\">Weiterlesen!<\/a><\/p>\n<div class=\"shariff shariff-align-flex-start shariff-widget-align-flex-start\"><ul class=\"shariff-buttons theme-round orientation-horizontal buttonsize-medium\"><li class=\"shariff-button facebook shariff-nocustomcolor\" style=\"background-color:#4273c8\"><a href=\"https:\/\/www.facebook.com\/sharer\/sharer.php?u=https%3A%2F%2Fschnebele.de%2F\" title=\"Bei Facebook teilen\" aria-label=\"Bei Facebook teilen\" role=\"button\" rel=\"nofollow\" class=\"shariff-link\" style=\"; background-color:#3b5998; color:#fff\" target=\"_blank\"><span class=\"shariff-icon\" style=\"\"><svg width=\"32px\" height=\"20px\" xmlns=\"http:\/\/www.w3.org\/2000\/svg\" viewBox=\"0 0 18 32\"><path fill=\"#3b5998\" d=\"M17.1 0.2v4.7h-2.8q-1.5 0-2.1 0.6t-0.5 1.9v3.4h5.2l-0.7 5.3h-4.5v13.6h-5.5v-13.6h-4.5v-5.3h4.5v-3.9q0-3.3 1.9-5.2t5-1.8q2.6 0 4.1 0.2z\"\/><\/svg><\/span><\/a><\/li><li class=\"shariff-button twitter shariff-nocustomcolor\" style=\"background-color:#595959\"><a href=\"https:\/\/twitter.com\/share?url=https%3A%2F%2Fschnebele.de%2F&text=Willkommen%20auf%20der%20Homepage%20von%20J%C3%B6rg%20Schnebele\" title=\"Bei X teilen\" aria-label=\"Bei X teilen\" role=\"button\" rel=\"noopener nofollow\" class=\"shariff-link\" style=\"; background-color:#000; color:#fff\" target=\"_blank\"><span class=\"shariff-icon\" style=\"\"><svg width=\"32px\" height=\"20px\" xmlns=\"http:\/\/www.w3.org\/2000\/svg\" viewBox=\"0 0 24 24\"><path fill=\"#000\" d=\"M14.258 10.152L23.176 0h-2.113l-7.747 8.813L7.133 0H0l9.352 13.328L0 23.973h2.113l8.176-9.309 6.531 9.309h7.133zm-2.895 3.293l-.949-1.328L2.875 1.56h3.246l6.086 8.523.945 1.328 7.91 11.078h-3.246zm0 0\"\/><\/svg><\/span><\/a><\/li><li class=\"shariff-button whatsapp shariff-nocustomcolor\" style=\"background-color:#5cbe4a\"><a href=\"https:\/\/api.whatsapp.com\/send?text=https%3A%2F%2Fschnebele.de%2F%20Willkommen%20auf%20der%20Homepage%20von%20J%C3%B6rg%20Schnebele\" title=\"Bei Whatsapp teilen\" aria-label=\"Bei Whatsapp teilen\" role=\"button\" rel=\"noopener nofollow\" class=\"shariff-link\" style=\"; background-color:#34af23; color:#fff\" target=\"_blank\"><span class=\"shariff-icon\" style=\"\"><svg width=\"32px\" height=\"20px\" xmlns=\"http:\/\/www.w3.org\/2000\/svg\" viewBox=\"0 0 32 32\"><path fill=\"#34af23\" d=\"M17.6 17.4q0.2 0 1.7 0.8t1.6 0.9q0 0.1 0 0.3 0 0.6-0.3 1.4-0.3 0.7-1.3 1.2t-1.8 0.5q-1 0-3.4-1.1-1.7-0.8-3-2.1t-2.6-3.3q-1.3-1.9-1.3-3.5v-0.1q0.1-1.6 1.3-2.8 0.4-0.4 0.9-0.4 0.1 0 0.3 0t0.3 0q0.3 0 0.5 0.1t0.3 0.5q0.1 0.4 0.6 1.6t0.4 1.3q0 0.4-0.6 1t-0.6 0.8q0 0.1 0.1 0.3 0.6 1.3 1.8 2.4 1 0.9 2.7 1.8 0.2 0.1 0.4 0.1 0.3 0 1-0.9t0.9-0.9zM14 26.9q2.3 0 4.3-0.9t3.6-2.4 2.4-3.6 0.9-4.3-0.9-4.3-2.4-3.6-3.6-2.4-4.3-0.9-4.3 0.9-3.6 2.4-2.4 3.6-0.9 4.3q0 3.6 2.1 6.6l-1.4 4.2 4.3-1.4q2.8 1.9 6.2 1.9zM14 2.2q2.7 0 5.2 1.1t4.3 2.9 2.9 4.3 1.1 5.2-1.1 5.2-2.9 4.3-4.3 2.9-5.2 1.1q-3.5 0-6.5-1.7l-7.4 2.4 2.4-7.2q-1.9-3.2-1.9-6.9 0-2.7 1.1-5.2t2.9-4.3 4.3-2.9 5.2-1.1z\"\/><\/svg><\/span><\/a><\/li><li class=\"shariff-button telegram shariff-nocustomcolor\" style=\"background-color:#4084A6\"><a href=\"https:\/\/telegram.me\/share\/url?url=https%3A%2F%2Fschnebele.de%2F&text=Willkommen%20auf%20der%20Homepage%20von%20J%C3%B6rg%20Schnebele\" title=\"Bei Telegram teilen\" aria-label=\"Bei Telegram teilen\" role=\"button\" rel=\"noopener nofollow\" class=\"shariff-link\" style=\"; background-color:#0088cc; color:#fff\" target=\"_blank\"><span class=\"shariff-icon\" style=\"\"><svg width=\"32px\" height=\"20px\" xmlns=\"http:\/\/www.w3.org\/2000\/svg\" viewBox=\"0 0 32 32\"><path fill=\"#0088cc\" d=\"M30.8 6.5l-4.5 21.4c-.3 1.5-1.2 1.9-2.5 1.2L16.9 24l-3.3 3.2c-.4.4-.7.7-1.4.7l.5-7L25.5 9.2c.6-.5-.1-.8-.9-.3l-15.8 10L2 16.7c-1.5-.5-1.5-1.5.3-2.2L28.9 4.3c1.3-.5 2.3.3 1.9 2.2z\"\/><\/svg><\/span><\/a><\/li><li class=\"shariff-button threema shariff-nocustomcolor shariff-mobile\" style=\"background-color:#4fbc24\"><a href=\"threema:\/\/compose?text=Willkommen%20auf%20der%20Homepage%20von%20J%C3%B6rg%20Schnebele%20https%3A%2F%2Fschnebele.de%2F\" title=\"Bei Threema teilen\" aria-label=\"Bei Threema teilen\" role=\"button\" rel=\"noopener nofollow\" class=\"shariff-link\" style=\"; background-color:#1f1f1f; color:#fff\" target=\"_blank\"><span class=\"shariff-icon\" style=\"\"><svg width=\"32px\" height=\"20px\" xmlns=\"http:\/\/www.w3.org\/2000\/svg\" viewBox=\"0 0 32 32\"><path fill=\"#1f1f1f\" d=\"M30.8 10.9c-0.3-1.4-0.9-2.6-1.8-3.8-2-2.6-5.5-4.5-9.4-5.2-1.3-0.2-1.9-0.3-3.5-0.3s-2.2 0-3.5 0.3c-4 0.7-7.4 2.6-9.4 5.2-0.9 1.2-1.5 2.4-1.8 3.8-0.1 0.5-0.2 1.2-0.2 1.6 0 0.4 0.1 1.1 0.2 1.6 0.4 1.9 1.3 3.4 2.9 5 0.8 0.8 0.8 0.8 0.7 1.3 0 0.6-0.5 1.6-1.7 3.6-0.3 0.5-0.5 0.9-0.5 0.9 0 0.1 0.1 0.1 0.5 0 0.8-0.2 2.3-0.6 5.6-1.6 1.1-0.3 1.3-0.4 2.3-0.4 0.8 0 1.1 0 2.3 0.2 1.5 0.2 3.5 0.2 4.9 0 5.1-0.6 9.3-2.9 11.4-6.3 0.5-0.9 0.9-1.8 1.1-2.8 0.1-0.5 0.2-1.1 0.2-1.6 0-0.7-0.1-1.1-0.2-1.6-0.3-1.4 0.1 0.5 0 0zM20.6 17.3c0 0.4-0.4 0.8-0.8 0.8h-7.7c-0.4 0-0.8-0.4-0.8-0.8v-4.6c0-0.4 0.4-0.8 0.8-0.8h0.2l0-1.6c0-0.9 0-1.8 0.1-2 0.1-0.6 0.6-1.2 1.1-1.7s1.1-0.7 1.9-0.8c1.8-0.3 3.7 0.7 4.2 2.2 0.1 0.3 0.1 0.7 0.1 2.1v0 1.7h0.1c0.4 0 0.8 0.4 0.8 0.8v4.6zM15.6 7.3c-0.5 0.1-0.8 0.3-1.2 0.6s-0.6 0.8-0.7 1.3c0 0.2 0 0.8 0 1.5l0 1.2h4.6v-1.3c0-1 0-1.4-0.1-1.6-0.3-1.1-1.5-1.9-2.6-1.7zM25.8 28.2c0 1.2-1 2.2-2.1 2.2s-2.1-1-2.1-2.1c0-1.2 1-2.1 2.2-2.1s2.2 1 2.2 2.2zM18.1 28.2c0 1.2-1 2.2-2.1 2.2s-2.1-1-2.1-2.1c0-1.2 1-2.1 2.2-2.1s2.2 1 2.2 2.2zM10.4 28.2c0 1.2-1 2.2-2.1 2.2s-2.1-1-2.1-2.1c0-1.2 1-2.1 2.2-2.1s2.2 1 2.2 2.2z\"\/><\/svg><\/span><\/a><\/li><li class=\"shariff-button mailto shariff-nocustomcolor\" style=\"background-color:#a8a8a8\"><a href=\"mailto:?body=https%3A%2F%2Fschnebele.de%2F&subject=Willkommen%20auf%20der%20Homepage%20von%20J%C3%B6rg%20Schnebele\" title=\"Per E-Mail versenden\" aria-label=\"Per E-Mail versenden\" role=\"button\" rel=\"noopener nofollow\" class=\"shariff-link\" style=\"; background-color:#999; color:#fff\"><span class=\"shariff-icon\" style=\"\"><svg width=\"32px\" height=\"20px\" xmlns=\"http:\/\/www.w3.org\/2000\/svg\" viewBox=\"0 0 32 32\"><path fill=\"#999\" d=\"M32 12.7v14.2q0 1.2-0.8 2t-2 0.9h-26.3q-1.2 0-2-0.9t-0.8-2v-14.2q0.8 0.9 1.8 1.6 6.5 4.4 8.9 6.1 1 0.8 1.6 1.2t1.7 0.9 2 0.4h0.1q0.9 0 2-0.4t1.7-0.9 1.6-1.2q3-2.2 8.9-6.1 1-0.7 1.8-1.6zM32 7.4q0 1.4-0.9 2.7t-2.2 2.2q-6.7 4.7-8.4 5.8-0.2 0.1-0.7 0.5t-1 0.7-0.9 0.6-1.1 0.5-0.9 0.2h-0.1q-0.4 0-0.9-0.2t-1.1-0.5-0.9-0.6-1-0.7-0.7-0.5q-1.6-1.1-4.7-3.2t-3.6-2.6q-1.1-0.7-2.1-2t-1-2.5q0-1.4 0.7-2.3t2.1-0.9h26.3q1.2 0 2 0.8t0.9 2z\"\/><\/svg><\/span><\/a><\/li><li class=\"shariff-button info shariff-nocustomcolor\" style=\"background-color:#eee\"><a href=\"http:\/\/ct.de\/-2467514\" title=\"Weitere Informationen\" aria-label=\"Weitere Informationen\" role=\"button\" rel=\"noopener \" class=\"shariff-link\" style=\"; background-color:#fff; color:#fff\" target=\"_blank\"><span class=\"shariff-icon\" style=\"\"><svg width=\"32px\" height=\"20px\" xmlns=\"http:\/\/www.w3.org\/2000\/svg\" viewBox=\"0 0 11 32\"><path fill=\"#999\" d=\"M11.4 24v2.3q0 0.5-0.3 0.8t-0.8 0.4h-9.1q-0.5 0-0.8-0.4t-0.4-0.8v-2.3q0-0.5 0.4-0.8t0.8-0.4h1.1v-6.8h-1.1q-0.5 0-0.8-0.4t-0.4-0.8v-2.3q0-0.5 0.4-0.8t0.8-0.4h6.8q0.5 0 0.8 0.4t0.4 0.8v10.3h1.1q0.5 0 0.8 0.4t0.3 0.8zM9.2 3.4v3.4q0 0.5-0.4 0.8t-0.8 0.4h-4.6q-0.4 0-0.8-0.4t-0.4-0.8v-3.4q0-0.4 0.4-0.8t0.8-0.4h4.6q0.5 0 0.8 0.4t0.4 0.8z\"\/><\/svg><\/span><\/a><\/li><\/ul><\/div>","protected":false},"author":1,"featured_media":0,"parent":0,"menu_order":0,"comment_status":"closed","ping_status":"closed","template":"","meta":{"ngg_post_thumbnail":0,"footnotes":""},"class_list":["post-30","page","type-page","status-publish","hentry"],"jetpack_shortlink":"https:\/\/wp.me\/P8GLvb-u","jetpack-related-posts":[],"jetpack_sharing_enabled":true,"_links":{"self":[{"href":"https:\/\/schnebele.de\/index.php?rest_route=\/wp\/v2\/pages\/30","targetHints":{"allow":["GET"]}}],"collection":[{"href":"https:\/\/schnebele.de\/index.php?rest_route=\/wp\/v2\/pages"}],"about":[{"href":"https:\/\/schnebele.de\/index.php?rest_route=\/wp\/v2\/types\/page"}],"author":[{"embeddable":true,"href":"https:\/\/schnebele.de\/index.php?rest_route=\/wp\/v2\/users\/1"}],"replies":[{"embeddable":true,"href":"https:\/\/schnebele.de\/index.php?rest_route=%2Fwp%2Fv2%2Fcomments&post=30"}],"version-history":[{"count":15,"href":"https:\/\/schnebele.de\/index.php?rest_route=\/wp\/v2\/pages\/30\/revisions"}],"predecessor-version":[{"id":6353,"href":"https:\/\/schnebele.de\/index.php?rest_route=\/wp\/v2\/pages\/30\/revisions\/6353"}],"wp:attachment":[{"href":"https:\/\/schnebele.de\/index.php?rest_route=%2Fwp%2Fv2%2Fmedia&parent=30"}],"curies":[{"name":"wp","href":"https:\/\/api.w.org\/{rel}","templated":true}]}}